{"id":431,"date":"2023-03-14T11:44:35","date_gmt":"2023-03-14T10:44:35","guid":{"rendered":"https:\/\/saitech.akidastudio.it\/?page_id=431"},"modified":"2023-03-29T14:30:21","modified_gmt":"2023-03-29T12:30:21","slug":"allontanamento-volatili","status":"publish","type":"page","link":"https:\/\/www.saitechsystem.it\/index.php\/servizi\/allontanamento-volatili\/","title":{"rendered":"Allontanamento volatili"},"content":{"rendered":"\t\t<div data-elementor-type=\"wp-page\" data-elementor-id=\"431\" class=\"elementor elementor-431\">\n\t\t\t\t\t\t\t\t\t<section class=\"elementor-section elementor-top-section elementor-element elementor-element-28b87a8 elementor-section-height-min-height elementor-section-boxed elementor-section-height-default elementor-section-items-middle\" data-id=\"28b87a8\" data-element_type=\"section\" data-settings=\"{&quot;background_background&quot;:&quot;classic&quot;}\">\n\t\t\t\t\t\t\t<div class=\"elementor-background-overlay\"><\/div>\n\t\t\t\t\t\t\t<div class=\"elementor-container elementor-column-gap-default\">\n\t\t\t\t\t<div class=\"elementor-column elementor-col-100 elementor-top-column elementor-element elementor-element-accbc11\" data-id=\"accbc11\" data-element_type=\"column\">\n\t\t\t<div class=\"elementor-widget-wrap elementor-element-populated\">\n\t\t\t\t\t\t\t\t<div class=\"elementor-element elementor-element-c9f6b49 elementor-widget elementor-widget-spacer\" data-id=\"c9f6b49\" data-element_type=\"widget\" data-widget_type=\"spacer.default\">\n\t\t\t\t<div class=\"elementor-widget-container\">\n\t\t\t<style>\/*! elementor - v3.12.1 - 02-04-2023 *\/\n.elementor-column .elementor-spacer-inner{height:var(--spacer-size)}.e-con{--container-widget-width:100%}.e-con-inner>.elementor-widget-spacer,.e-con>.elementor-widget-spacer{width:var(--container-widget-width,var(--spacer-size));--align-self:var(--container-widget-align-self,initial);--flex-shrink:0}.e-con-inner>.elementor-widget-spacer>.elementor-widget-container,.e-con-inner>.elementor-widget-spacer>.elementor-widget-container>.elementor-spacer,.e-con>.elementor-widget-spacer>.elementor-widget-container,.e-con>.elementor-widget-spacer>.elementor-widget-container>.elementor-spacer{height:100%}.e-con-inner>.elementor-widget-spacer>.elementor-widget-container>.elementor-spacer>.elementor-spacer-inner,.e-con>.elementor-widget-spacer>.elementor-widget-container>.elementor-spacer>.elementor-spacer-inner{height:var(--container-widget-height,var(--spacer-size))}<\/style>\t\t<div class=\"elementor-spacer\">\n\t\t\t<div class=\"elementor-spacer-inner\"><\/div>\n\t\t<\/div>\n\t\t\t\t<\/div>\n\t\t\t\t<\/div>\n\t\t\t\t<div class=\"elementor-element elementor-element-e852df1 elementor-widget elementor-widget-text-editor\" data-id=\"e852df1\" data-element_type=\"widget\" data-widget_type=\"text-editor.default\">\n\t\t\t\t<div class=\"elementor-widget-container\">\n\t\t\t<style>\/*! elementor - v3.12.1 - 02-04-2023 *\/\n.elementor-widget-text-editor.elementor-drop-cap-view-stacked .elementor-drop-cap{background-color:#69727d;color:#fff}.elementor-widget-text-editor.elementor-drop-cap-view-framed .elementor-drop-cap{color:#69727d;border:3px solid;background-color:transparent}.elementor-widget-text-editor:not(.elementor-drop-cap-view-default) .elementor-drop-cap{margin-top:8px}.elementor-widget-text-editor:not(.elementor-drop-cap-view-default) .elementor-drop-cap-letter{width:1em;height:1em}.elementor-widget-text-editor .elementor-drop-cap{float:left;text-align:center;line-height:1;font-size:50px}.elementor-widget-text-editor .elementor-drop-cap-letter{display:inline-block}<\/style>\t\t\t\t<p>SERVIZI<\/p>\t\t\t\t\t\t<\/div>\n\t\t\t\t<\/div>\n\t\t\t\t<div class=\"elementor-element elementor-element-6993429 elementor-widget elementor-widget-spacer\" data-id=\"6993429\" data-element_type=\"widget\" data-widget_type=\"spacer.default\">\n\t\t\t\t<div class=\"elementor-widget-container\">\n\t\t\t\t\t<div class=\"elementor-spacer\">\n\t\t\t<div class=\"elementor-spacer-inner\"><\/div>\n\t\t<\/div>\n\t\t\t\t<\/div>\n\t\t\t\t<\/div>\n\t\t\t\t\t<\/div>\n\t\t<\/div>\n\t\t\t\t\t\t\t<\/div>\n\t\t<\/section>\n\t\t\t\t<section class=\"elementor-section elementor-top-section elementor-element elementor-element-faeee01 elementor-section-boxed elementor-section-height-default elementor-section-height-default\" data-id=\"faeee01\" data-element_type=\"section\">\n\t\t\t\t\t\t<div class=\"elementor-container elementor-column-gap-default\">\n\t\t\t\t\t<div class=\"elementor-column elementor-col-50 elementor-top-column elementor-element elementor-element-8587edc\" data-id=\"8587edc\" data-element_type=\"column\">\n\t\t\t<div class=\"elementor-widget-wrap elementor-element-populated\">\n\t\t\t\t\t\t\t\t<div class=\"elementor-element elementor-element-449dba7 elementor-widget elementor-widget-heading\" data-id=\"449dba7\" data-element_type=\"widget\" data-widget_type=\"heading.default\">\n\t\t\t\t<div class=\"elementor-widget-container\">\n\t\t\t<style>\/*! elementor - v3.12.1 - 02-04-2023 *\/\n.elementor-heading-title{padding:0;margin:0;line-height:1}.elementor-widget-heading .elementor-heading-title[class*=elementor-size-]>a{color:inherit;font-size:inherit;line-height:inherit}.elementor-widget-heading .elementor-heading-title.elementor-size-small{font-size:15px}.elementor-widget-heading .elementor-heading-title.elementor-size-medium{font-size:19px}.elementor-widget-heading .elementor-heading-title.elementor-size-large{font-size:29px}.elementor-widget-heading .elementor-heading-title.elementor-size-xl{font-size:39px}.elementor-widget-heading .elementor-heading-title.elementor-size-xxl{font-size:59px}<\/style><h3 class=\"elementor-heading-title elementor-size-default\"><span>Proteggiamo dagli uccelli molesti<\/span> le tue propriet\u00e0.<\/h3>\t\t<\/div>\n\t\t\t\t<\/div>\n\t\t\t\t<div class=\"elementor-element elementor-element-38db2df elementor-widget elementor-widget-text-editor\" data-id=\"38db2df\" data-element_type=\"widget\" data-widget_type=\"text-editor.default\">\n\t\t\t\t<div class=\"elementor-widget-container\">\n\t\t\t\t\t\t\t<p>Gli uccelli possono rappresentare un problema serio per molte propriet\u00e0, sia commerciali che residenziali. <b>Il guano dei volatili<\/b>, ad esempio, <b>\u00e8 estremamente corrosivo<\/b> e pu\u00f2 danneggiare le facciate dei monumenti e degli edifici.\u00a0<\/p><p>Inoltre, gli uccelli <b>possono rappresentare una\u00a0<\/b><b>minaccia per la salute pubblica.<\/b><\/p><p>Saitech System offre servizi di allontanamento volatili per proteggere le tue propriet\u00e0 da questi fastidiosi ospiti.<\/p>\t\t\t\t\t\t<\/div>\n\t\t\t\t<\/div>\n\t\t\t\t\t<\/div>\n\t\t<\/div>\n\t\t\t\t<div class=\"elementor-column elementor-col-50 elementor-top-column elementor-element elementor-element-266374b\" data-id=\"266374b\" data-element_type=\"column\">\n\t\t\t<div class=\"elementor-widget-wrap elementor-element-populated\">\n\t\t\t\t\t\t\t\t<div class=\"elementor-element elementor-element-f089fbd elementor-widget elementor-widget-image\" data-id=\"f089fbd\" data-element_type=\"widget\" data-widget_type=\"image.default\">\n\t\t\t\t<div class=\"elementor-widget-container\">\n\t\t\t<style>\/*! elementor - v3.12.1 - 02-04-2023 *\/\n.elementor-widget-image{text-align:center}.elementor-widget-image a{display:inline-block}.elementor-widget-image a img[src$=\".svg\"]{width:48px}.elementor-widget-image img{vertical-align:middle;display:inline-block}<\/style>\t\t\t\t\t\t\t\t\t\t\t\t<img width=\"800\" height=\"476\" src=\"https:\/\/www.saitechsystem.it\/wp-content\/uploads\/2023\/03\/funny-1024x609.jpg\" class=\"attachment-large size-large wp-image-434\" alt=\"Funny\" decoding=\"async\" loading=\"lazy\" srcset=\"https:\/\/www.saitechsystem.it\/wp-content\/uploads\/2023\/03\/funny-1024x609.jpg 1024w, https:\/\/www.saitechsystem.it\/wp-content\/uploads\/2023\/03\/funny-300x179.jpg 300w, https:\/\/www.saitechsystem.it\/wp-content\/uploads\/2023\/03\/funny-768x457.jpg 768w, https:\/\/www.saitechsystem.it\/wp-content\/uploads\/2023\/03\/funny-1536x914.jpg 1536w, https:\/\/www.saitechsystem.it\/wp-content\/uploads\/2023\/03\/funny.jpg 2000w\" sizes=\"(max-width: 800px) 100vw, 800px\" \/>\t\t\t\t\t\t\t\t\t\t\t\t\t\t\t<\/div>\n\t\t\t\t<\/div>\n\t\t\t\t\t<\/div>\n\t\t<\/div>\n\t\t\t\t\t\t\t<\/div>\n\t\t<\/section>\n\t\t\t\t<section class=\"elementor-section elementor-top-section elementor-element elementor-element-652e926 elementor-section-boxed elementor-section-height-default elementor-section-height-default\" data-id=\"652e926\" data-element_type=\"section\">\n\t\t\t\t\t\t<div class=\"elementor-container elementor-column-gap-default\">\n\t\t\t\t\t<div class=\"elementor-column elementor-col-50 elementor-top-column elementor-element elementor-element-c7f794b\" data-id=\"c7f794b\" data-element_type=\"column\">\n\t\t\t<div class=\"elementor-widget-wrap elementor-element-populated\">\n\t\t\t\t\t\t\t\t<div class=\"elementor-element elementor-element-38440b6 elementor-widget elementor-widget-image\" data-id=\"38440b6\" data-element_type=\"widget\" data-widget_type=\"image.default\">\n\t\t\t\t<div class=\"elementor-widget-container\">\n\t\t\t\t\t\t\t\t\t\t\t\t\t\t\t<img width=\"800\" height=\"533\" src=\"https:\/\/www.saitechsystem.it\/wp-content\/uploads\/2023\/03\/pigeons-sit-on-a-wicker-table-in-an-outdoor-cafe-next-to-a-white-cup-of-coffee-and-a-sprig-of-olive-1024x682.jpg\" class=\"attachment-large size-large wp-image-710\" alt=\"Pigeons sit on a wicker table in an outdoor cafe, next to a white Cup of coffee and a sprig of olive\" decoding=\"async\" loading=\"lazy\" srcset=\"https:\/\/www.saitechsystem.it\/wp-content\/uploads\/2023\/03\/pigeons-sit-on-a-wicker-table-in-an-outdoor-cafe-next-to-a-white-cup-of-coffee-and-a-sprig-of-olive-1024x682.jpg 1024w, https:\/\/www.saitechsystem.it\/wp-content\/uploads\/2023\/03\/pigeons-sit-on-a-wicker-table-in-an-outdoor-cafe-next-to-a-white-cup-of-coffee-and-a-sprig-of-olive-300x200.jpg 300w, https:\/\/www.saitechsystem.it\/wp-content\/uploads\/2023\/03\/pigeons-sit-on-a-wicker-table-in-an-outdoor-cafe-next-to-a-white-cup-of-coffee-and-a-sprig-of-olive-768x512.jpg 768w, https:\/\/www.saitechsystem.it\/wp-content\/uploads\/2023\/03\/pigeons-sit-on-a-wicker-table-in-an-outdoor-cafe-next-to-a-white-cup-of-coffee-and-a-sprig-of-olive-1536x1024.jpg 1536w, https:\/\/www.saitechsystem.it\/wp-content\/uploads\/2023\/03\/pigeons-sit-on-a-wicker-table-in-an-outdoor-cafe-next-to-a-white-cup-of-coffee-and-a-sprig-of-olive.jpg 2000w\" sizes=\"(max-width: 800px) 100vw, 800px\" \/>\t\t\t\t\t\t\t\t\t\t\t\t\t\t\t<\/div>\n\t\t\t\t<\/div>\n\t\t\t\t\t<\/div>\n\t\t<\/div>\n\t\t\t\t<div class=\"elementor-column elementor-col-50 elementor-top-column elementor-element elementor-element-d717f13\" data-id=\"d717f13\" data-element_type=\"column\">\n\t\t\t<div class=\"elementor-widget-wrap elementor-element-populated\">\n\t\t\t\t\t\t\t\t<div class=\"elementor-element elementor-element-d1aa54c elementor-widget elementor-widget-heading\" data-id=\"d1aa54c\" data-element_type=\"widget\" data-widget_type=\"heading.default\">\n\t\t\t\t<div class=\"elementor-widget-container\">\n\t\t\t<h3 class=\"elementor-heading-title elementor-size-default\"><span>I nostri servizi<\/span> di allontanamento volatili includono:<\/h3>\t\t<\/div>\n\t\t\t\t<\/div>\n\t\t\t\t<div class=\"elementor-element elementor-element-60937e1 elementor-widget elementor-widget-text-editor\" data-id=\"60937e1\" data-element_type=\"widget\" data-widget_type=\"text-editor.default\">\n\t\t\t\t<div class=\"elementor-widget-container\">\n\t\t\t\t\t\t\t<ul><li><span style=\"color: var( --e-global-color-text ); font-family: var( --e-global-typography-text-font-family ), Sans-serif; font-size: var( --e-global-typography-text-font-size );\"><b>Ispezioni<\/b><\/span><span style=\"color: var( --e-global-color-text ); font-family: var( --e-global-typography-text-font-family ), Sans-serif; font-size: var( --e-global-typography-text-font-size ); font-weight: var( --e-global-typography-text-font-weight );\"> accurate delle tue propriet\u00e0 per individuare le possibili aree di nidificazione e di alimentazione degli uccelli.<\/span><\/li><li><b>Allontanamento<\/b>\u00a0dei volatili utilizzando metodi ecologici e non invasivi per allontanare gli uccelli dalle tue propriet\u00e0, senza causare loro alcun danno.<\/li><li><b>Dispositivi di Protezione\u00a0<\/b>specifici per impedire agli uccelli di tornare alle tue propriet\u00e0, prevenendo cos\u00ec le infestazioni future.<\/li><li><b>Consulenza\u00a0<\/b>personalizzata per aiutarti a prevenire futuri problemi di infestazione.<\/li><\/ul>\t\t\t\t\t\t<\/div>\n\t\t\t\t<\/div>\n\t\t\t\t\t<\/div>\n\t\t<\/div>\n\t\t\t\t\t\t\t<\/div>\n\t\t<\/section>\n\t\t\t\t<section class=\"elementor-section elementor-top-section elementor-element elementor-element-f634707 elementor-section-boxed elementor-section-height-default elementor-section-height-default\" data-id=\"f634707\" data-element_type=\"section\">\n\t\t\t\t\t\t<div class=\"elementor-container elementor-column-gap-default\">\n\t\t\t\t\t<div class=\"elementor-column elementor-col-100 elementor-top-column elementor-element elementor-element-22516ef\" data-id=\"22516ef\" data-element_type=\"column\">\n\t\t\t<div class=\"elementor-widget-wrap elementor-element-populated\">\n\t\t\t\t\t\t\t\t<div class=\"elementor-element elementor-element-ea3da6f elementor-widget elementor-widget-heading\" data-id=\"ea3da6f\" data-element_type=\"widget\" data-widget_type=\"heading.default\">\n\t\t\t\t<div class=\"elementor-widget-container\">\n\t\t\t<h3 class=\"elementor-heading-title elementor-size-default\">Alcuni dissuasori per volatili che utilizziamo<\/h3>\t\t<\/div>\n\t\t\t\t<\/div>\n\t\t\t\t\t<\/div>\n\t\t<\/div>\n\t\t\t\t\t\t\t<\/div>\n\t\t<\/section>\n\t\t\t\t<section class=\"elementor-section elementor-top-section elementor-element elementor-element-7843d3b elementor-section-boxed elementor-section-height-default elementor-section-height-default\" data-id=\"7843d3b\" data-element_type=\"section\">\n\t\t\t\t\t\t<div class=\"elementor-container elementor-column-gap-default\">\n\t\t\t\t\t<div class=\"elementor-column elementor-col-33 elementor-top-column elementor-element elementor-element-9f99cff\" data-id=\"9f99cff\" data-element_type=\"column\">\n\t\t\t<div class=\"elementor-widget-wrap elementor-element-populated\">\n\t\t\t\t\t\t\t\t<div class=\"elementor-element elementor-element-f470364 elementor-widget elementor-widget-image\" data-id=\"f470364\" data-element_type=\"widget\" data-widget_type=\"image.default\">\n\t\t\t\t<div class=\"elementor-widget-container\">\n\t\t\t\t\t\t\t\t\t\t\t\t\t\t\t<img width=\"600\" height=\"600\" src=\"https:\/\/www.saitechsystem.it\/wp-content\/uploads\/2023\/03\/birdfree.jpg\" class=\"attachment-large size-large wp-image-713\" alt=\"\" decoding=\"async\" loading=\"lazy\" srcset=\"https:\/\/www.saitechsystem.it\/wp-content\/uploads\/2023\/03\/birdfree.jpg 600w, https:\/\/www.saitechsystem.it\/wp-content\/uploads\/2023\/03\/birdfree-300x300.jpg 300w, https:\/\/www.saitechsystem.it\/wp-content\/uploads\/2023\/03\/birdfree-150x150.jpg 150w\" sizes=\"(max-width: 600px) 100vw, 600px\" \/>\t\t\t\t\t\t\t\t\t\t\t\t\t\t\t<\/div>\n\t\t\t\t<\/div>\n\t\t\t\t<div class=\"elementor-element elementor-element-7c2e237 elementor-widget elementor-widget-heading\" data-id=\"7c2e237\" data-element_type=\"widget\" data-widget_type=\"heading.default\">\n\t\t\t\t<div class=\"elementor-widget-container\">\n\t\t\t<h3 class=\"elementor-heading-title elementor-size-default\">Bird Free\u00ae<\/h3>\t\t<\/div>\n\t\t\t\t<\/div>\n\t\t\t\t<div class=\"elementor-element elementor-element-4d061a9 elementor-widget elementor-widget-text-editor\" data-id=\"4d061a9\" data-element_type=\"widget\" data-widget_type=\"text-editor.default\">\n\t\t\t\t<div class=\"elementor-widget-container\">\n\t\t\t\t\t\t\t<p>Un dissuasore visivo in cui gli uccelli percepiscono una luce ultravioletta apparendo come un fuoco. Inoltre&nbsp;contiene oli naturali&nbsp; ripugnanti all\u2019olfatto e al gusto degli uccelli.<\/p>\t\t\t\t\t\t<\/div>\n\t\t\t\t<\/div>\n\t\t\t\t\t<\/div>\n\t\t<\/div>\n\t\t\t\t<div class=\"elementor-column elementor-col-33 elementor-top-column elementor-element elementor-element-ec54158\" data-id=\"ec54158\" data-element_type=\"column\">\n\t\t\t<div class=\"elementor-widget-wrap elementor-element-populated\">\n\t\t\t\t\t\t\t\t<div class=\"elementor-element elementor-element-6427f26 elementor-widget elementor-widget-image\" data-id=\"6427f26\" data-element_type=\"widget\" data-widget_type=\"image.default\">\n\t\t\t\t<div class=\"elementor-widget-container\">\n\t\t\t\t\t\t\t\t\t\t\t\t\t\t\t<img width=\"600\" height=\"600\" src=\"https:\/\/www.saitechsystem.it\/wp-content\/uploads\/2023\/03\/laser.jpg\" class=\"attachment-large size-large wp-image-712\" alt=\"\" decoding=\"async\" loading=\"lazy\" srcset=\"https:\/\/www.saitechsystem.it\/wp-content\/uploads\/2023\/03\/laser.jpg 600w, https:\/\/www.saitechsystem.it\/wp-content\/uploads\/2023\/03\/laser-300x300.jpg 300w, https:\/\/www.saitechsystem.it\/wp-content\/uploads\/2023\/03\/laser-150x150.jpg 150w\" sizes=\"(max-width: 600px) 100vw, 600px\" \/>\t\t\t\t\t\t\t\t\t\t\t\t\t\t\t<\/div>\n\t\t\t\t<\/div>\n\t\t\t\t<div class=\"elementor-element elementor-element-ac84941 elementor-widget elementor-widget-heading\" data-id=\"ac84941\" data-element_type=\"widget\" data-widget_type=\"heading.default\">\n\t\t\t\t<div class=\"elementor-widget-container\">\n\t\t\t<h3 class=\"elementor-heading-title elementor-size-default\">Agrilaser<\/h3>\t\t<\/div>\n\t\t\t\t<\/div>\n\t\t\t\t<div class=\"elementor-element elementor-element-7fd198d elementor-widget elementor-widget-text-editor\" data-id=\"7fd198d\" data-element_type=\"widget\" data-widget_type=\"text-editor.default\">\n\t\t\t\t<div class=\"elementor-widget-container\">\n\t\t\t\t\t\t\tUtilizza un raggio laser che gli uccelli vedono come un pericolo fisico vicino. In questo modo volano dalla zona che necessita di protezione alla ricerca di luoghi pi\u00f9 sicuri. \t\t\t\t\t\t<\/div>\n\t\t\t\t<\/div>\n\t\t\t\t\t<\/div>\n\t\t<\/div>\n\t\t\t\t<div class=\"elementor-column elementor-col-33 elementor-top-column elementor-element elementor-element-d29afe2\" data-id=\"d29afe2\" data-element_type=\"column\">\n\t\t\t<div class=\"elementor-widget-wrap elementor-element-populated\">\n\t\t\t\t\t\t\t\t<div class=\"elementor-element elementor-element-4beceeb elementor-widget elementor-widget-image\" data-id=\"4beceeb\" data-element_type=\"widget\" data-widget_type=\"image.default\">\n\t\t\t\t<div class=\"elementor-widget-container\">\n\t\t\t\t\t\t\t\t\t\t\t\t\t\t\t<img width=\"600\" height=\"600\" src=\"https:\/\/www.saitechsystem.it\/wp-content\/uploads\/2023\/03\/sonoro.jpg\" class=\"attachment-large size-large wp-image-714\" alt=\"\" decoding=\"async\" loading=\"lazy\" srcset=\"https:\/\/www.saitechsystem.it\/wp-content\/uploads\/2023\/03\/sonoro.jpg 600w, https:\/\/www.saitechsystem.it\/wp-content\/uploads\/2023\/03\/sonoro-300x300.jpg 300w, https:\/\/www.saitechsystem.it\/wp-content\/uploads\/2023\/03\/sonoro-150x150.jpg 150w\" sizes=\"(max-width: 600px) 100vw, 600px\" \/>\t\t\t\t\t\t\t\t\t\t\t\t\t\t\t<\/div>\n\t\t\t\t<\/div>\n\t\t\t\t<div class=\"elementor-element elementor-element-4b02990 elementor-widget elementor-widget-heading\" data-id=\"4b02990\" data-element_type=\"widget\" data-widget_type=\"heading.default\">\n\t\t\t\t<div class=\"elementor-widget-container\">\n\t\t\t<h3 class=\"elementor-heading-title elementor-size-default\">Diffusori Sonori<\/h3>\t\t<\/div>\n\t\t\t\t<\/div>\n\t\t\t\t<div class=\"elementor-element elementor-element-48b1175 elementor-widget elementor-widget-text-editor\" data-id=\"48b1175\" data-element_type=\"widget\" data-widget_type=\"text-editor.default\">\n\t\t\t\t<div class=\"elementor-widget-container\">\n\t\t\t\t\t\t\tUtilizzato per aree infestate di qualsiasi dimensione, poich\u00e9 le onde sonore emesse da un solo macchinario garantiscono una copertura che arriva fino a 25.000 mq.\t\t\t\t\t\t<\/div>\n\t\t\t\t<\/div>\n\t\t\t\t\t<\/div>\n\t\t<\/div>\n\t\t\t\t\t\t\t<\/div>\n\t\t<\/section>\n\t\t\t\t\t\t\t<\/div>\n\t\t","protected":false},"excerpt":{"rendered":"<p>SERVIZI Proteggiamo dagli uccelli molesti le tue propriet\u00e0. Gli uccelli possono rappresentare un problema serio per molte propriet\u00e0, sia commerciali che residenziali. Il guano dei volatili, ad esempio, \u00e8 estremamente corrosivo e pu\u00f2 danneggiare le facciate dei monumenti e degli edifici.\u00a0 Inoltre, gli uccelli possono rappresentare una\u00a0minaccia per la salute pubblica. Saitech System offre servizi [&hellip;]<\/p>\n","protected":false},"author":1,"featured_media":0,"parent":334,"menu_order":0,"comment_status":"closed","ping_status":"closed","template":"elementor_header_footer","meta":[],"acf":[],"_links":{"self":[{"href":"https:\/\/www.saitechsystem.it\/index.php\/wp-json\/wp\/v2\/pages\/431"}],"collection":[{"href":"https:\/\/www.saitechsystem.it\/index.php\/wp-json\/wp\/v2\/pages"}],"about":[{"href":"https:\/\/www.saitechsystem.it\/index.php\/wp-json\/wp\/v2\/types\/page"}],"author":[{"embeddable":true,"href":"https:\/\/www.saitechsystem.it\/index.php\/wp-json\/wp\/v2\/users\/1"}],"replies":[{"embeddable":true,"href":"https:\/\/www.saitechsystem.it\/index.php\/wp-json\/wp\/v2\/comments?post=431"}],"version-history":[{"count":10,"href":"https:\/\/www.saitechsystem.it\/index.php\/wp-json\/wp\/v2\/pages\/431\/revisions"}],"predecessor-version":[{"id":717,"href":"https:\/\/www.saitechsystem.it\/index.php\/wp-json\/wp\/v2\/pages\/431\/revisions\/717"}],"up":[{"embeddable":true,"href":"https:\/\/www.saitechsystem.it\/index.php\/wp-json\/wp\/v2\/pages\/334"}],"wp:attachment":[{"href":"https:\/\/www.saitechsystem.it\/index.php\/wp-json\/wp\/v2\/media?parent=431"}],"curies":[{"name":"wp","href":"https:\/\/api.w.org\/{rel}","templated":true}]}}