{"id":455,"date":"2023-03-14T12:08:49","date_gmt":"2023-03-14T11:08:49","guid":{"rendered":"https:\/\/saitech.akidastudio.it\/?page_id=455"},"modified":"2023-07-26T12:08:15","modified_gmt":"2023-07-26T10:08:15","slug":"sistemi-di-controllo-da-remoto","status":"publish","type":"page","link":"https:\/\/www.saitechsystem.it\/index.php\/servizi\/sistemi-di-controllo-da-remoto\/","title":{"rendered":"Sistemi di controllo da remoto"},"content":{"rendered":"\t\t<div data-elementor-type=\"wp-page\" data-elementor-id=\"455\" class=\"elementor elementor-455\">\n\t\t\t\t\t\t\t<div class=\"elementor-element elementor-element-a63d87e e-con-boxed e-con\" data-id=\"a63d87e\" data-element_type=\"container\" data-settings=\"{&quot;background_background&quot;:&quot;classic&quot;,&quot;content_width&quot;:&quot;boxed&quot;}\">\n\t\t\t\t\t<div class=\"e-con-inner\">\n\t\t<div class=\"elementor-element elementor-element-a0783e9 e-con-full e-con\" data-id=\"a0783e9\" data-element_type=\"container\" data-settings=\"{&quot;content_width&quot;:&quot;full&quot;}\">\n\t\t\t\t<div class=\"elementor-element elementor-element-1accd43 elementor-widget elementor-widget-spacer\" data-id=\"1accd43\" data-element_type=\"widget\" data-widget_type=\"spacer.default\">\n\t\t\t\t<div class=\"elementor-widget-container\">\n\t\t\t<style>\/*! elementor - v3.12.1 - 02-04-2023 *\/\n.elementor-column .elementor-spacer-inner{height:var(--spacer-size)}.e-con{--container-widget-width:100%}.e-con-inner>.elementor-widget-spacer,.e-con>.elementor-widget-spacer{width:var(--container-widget-width,var(--spacer-size));--align-self:var(--container-widget-align-self,initial);--flex-shrink:0}.e-con-inner>.elementor-widget-spacer>.elementor-widget-container,.e-con-inner>.elementor-widget-spacer>.elementor-widget-container>.elementor-spacer,.e-con>.elementor-widget-spacer>.elementor-widget-container,.e-con>.elementor-widget-spacer>.elementor-widget-container>.elementor-spacer{height:100%}.e-con-inner>.elementor-widget-spacer>.elementor-widget-container>.elementor-spacer>.elementor-spacer-inner,.e-con>.elementor-widget-spacer>.elementor-widget-container>.elementor-spacer>.elementor-spacer-inner{height:var(--container-widget-height,var(--spacer-size))}<\/style>\t\t<div class=\"elementor-spacer\">\n\t\t\t<div class=\"elementor-spacer-inner\"><\/div>\n\t\t<\/div>\n\t\t\t\t<\/div>\n\t\t\t\t<\/div>\n\t\t\t\t<div class=\"elementor-element elementor-element-baccac0 elementor-widget elementor-widget-text-editor\" data-id=\"baccac0\" data-element_type=\"widget\" data-widget_type=\"text-editor.default\">\n\t\t\t\t<div class=\"elementor-widget-container\">\n\t\t\t<style>\/*! elementor - v3.12.1 - 02-04-2023 *\/\n.elementor-widget-text-editor.elementor-drop-cap-view-stacked .elementor-drop-cap{background-color:#69727d;color:#fff}.elementor-widget-text-editor.elementor-drop-cap-view-framed .elementor-drop-cap{color:#69727d;border:3px solid;background-color:transparent}.elementor-widget-text-editor:not(.elementor-drop-cap-view-default) .elementor-drop-cap{margin-top:8px}.elementor-widget-text-editor:not(.elementor-drop-cap-view-default) .elementor-drop-cap-letter{width:1em;height:1em}.elementor-widget-text-editor .elementor-drop-cap{float:left;text-align:center;line-height:1;font-size:50px}.elementor-widget-text-editor .elementor-drop-cap-letter{display:inline-block}<\/style>\t\t\t\t<p>SERVIZI<\/p>\t\t\t\t\t\t<\/div>\n\t\t\t\t<\/div>\n\t\t\t\t<div class=\"elementor-element elementor-element-2936779 elementor-widget elementor-widget-spacer\" data-id=\"2936779\" data-element_type=\"widget\" data-widget_type=\"spacer.default\">\n\t\t\t\t<div class=\"elementor-widget-container\">\n\t\t\t\t\t<div class=\"elementor-spacer\">\n\t\t\t<div class=\"elementor-spacer-inner\"><\/div>\n\t\t<\/div>\n\t\t\t\t<\/div>\n\t\t\t\t<\/div>\n\t\t\t\t<\/div>\n\t\t\t\t\t<\/div>\n\t\t\t\t<\/div>\n\t\t<div class=\"elementor-element elementor-element-843db3e e-con-boxed e-con\" data-id=\"843db3e\" data-element_type=\"container\" data-settings=\"{&quot;background_background&quot;:&quot;classic&quot;,&quot;content_width&quot;:&quot;boxed&quot;}\">\n\t\t\t\t\t<div class=\"e-con-inner\">\n\t\t<div class=\"elementor-element elementor-element-dc5944e e-con-full e-con\" data-id=\"dc5944e\" data-element_type=\"container\" data-settings=\"{&quot;content_width&quot;:&quot;full&quot;}\">\n\t\t\t\t<div class=\"elementor-element elementor-element-ba1e97c elementor-widget elementor-widget-image\" data-id=\"ba1e97c\" data-element_type=\"widget\" data-widget_type=\"image.default\">\n\t\t\t\t<div class=\"elementor-widget-container\">\n\t\t\t<style>\/*! elementor - v3.12.1 - 02-04-2023 *\/\n.elementor-widget-image{text-align:center}.elementor-widget-image a{display:inline-block}.elementor-widget-image a img[src$=\".svg\"]{width:48px}.elementor-widget-image img{vertical-align:middle;display:inline-block}<\/style>\t\t\t\t\t\t\t\t\t\t\t\t<img width=\"278\" height=\"400\" src=\"https:\/\/www.saitechsystem.it\/wp-content\/uploads\/2022\/06\/ekomille-rc-front.png\" class=\"attachment-full size-full wp-image-182\" alt=\"\" decoding=\"async\" loading=\"lazy\" srcset=\"https:\/\/www.saitechsystem.it\/wp-content\/uploads\/2022\/06\/ekomille-rc-front.png 278w, https:\/\/www.saitechsystem.it\/wp-content\/uploads\/2022\/06\/ekomille-rc-front-209x300.png 209w\" sizes=\"(max-width: 278px) 100vw, 278px\" \/>\t\t\t\t\t\t\t\t\t\t\t\t\t\t\t<\/div>\n\t\t\t\t<\/div>\n\t\t\t\t<\/div>\n\t\t<div class=\"elementor-element elementor-element-1010a2e e-con-full e-con\" data-id=\"1010a2e\" data-element_type=\"container\" data-settings=\"{&quot;content_width&quot;:&quot;full&quot;}\">\n\t\t\t\t<div class=\"elementor-element elementor-element-f9e8f0a elementor-widget elementor-widget-text-editor\" data-id=\"f9e8f0a\" data-element_type=\"widget\" data-widget_type=\"text-editor.default\">\n\t\t\t\t<div class=\"elementor-widget-container\">\n\t\t\t\t\t\t\t<p>Operiamo mediante speciali apparecchiature elettromeccaniche (EKOMILLE ed EKOLOGIC), che grazie alle loro caratteristiche costruttive, assicurano igiene, sicurezza ed eco-compatibilit\u00e0.<\/p>\t\t\t\t\t\t<\/div>\n\t\t\t\t<\/div>\n\t\t\t\t<div class=\"elementor-element elementor-element-a3cf889 elementor-widget__width-initial elementor-widget-mobile__width-inherit elementor-widget elementor-widget-text-editor\" data-id=\"a3cf889\" data-element_type=\"widget\" data-widget_type=\"text-editor.default\">\n\t\t\t\t<div class=\"elementor-widget-container\">\n\t\t\t\t\t\t\t<p>Inoltre \u00e8 completamente gestibile e <strong>controllabile da remoto.<\/strong><\/p>\t\t\t\t\t\t<\/div>\n\t\t\t\t<\/div>\n\t\t\t\t<div class=\"elementor-element elementor-element-009c18b elementor-widget__width-initial elementor-widget elementor-widget-image\" data-id=\"009c18b\" data-element_type=\"widget\" data-widget_type=\"image.default\">\n\t\t\t\t<div class=\"elementor-widget-container\">\n\t\t\t\t\t\t\t\t\t\t\t\t\t\t\t<img width=\"324\" height=\"100\" src=\"https:\/\/www.saitechsystem.it\/wp-content\/uploads\/2022\/06\/ekomillewhite.png\" class=\"attachment-large size-large wp-image-183\" alt=\"\" decoding=\"async\" loading=\"lazy\" srcset=\"https:\/\/www.saitechsystem.it\/wp-content\/uploads\/2022\/06\/ekomillewhite.png 324w, https:\/\/www.saitechsystem.it\/wp-content\/uploads\/2022\/06\/ekomillewhite-300x93.png 300w\" sizes=\"(max-width: 324px) 100vw, 324px\" \/>\t\t\t\t\t\t\t\t\t\t\t\t\t\t\t<\/div>\n\t\t\t\t<\/div>\n\t\t\t\t<\/div>\n\t\t\t\t\t<\/div>\n\t\t\t\t<\/div>\n\t\t\t\t<section class=\"elementor-section elementor-top-section elementor-element elementor-element-517da02 elementor-section-boxed elementor-section-height-default elementor-section-height-default\" data-id=\"517da02\" data-element_type=\"section\">\n\t\t\t\t\t\t<div class=\"elementor-container elementor-column-gap-default\">\n\t\t\t\t\t<div class=\"elementor-column elementor-col-50 elementor-top-column elementor-element elementor-element-64896dc\" data-id=\"64896dc\" data-element_type=\"column\">\n\t\t\t<div class=\"elementor-widget-wrap elementor-element-populated\">\n\t\t\t\t\t\t\t\t<div class=\"elementor-element elementor-element-02776a6 elementor-widget elementor-widget-heading\" data-id=\"02776a6\" data-element_type=\"widget\" data-widget_type=\"heading.default\">\n\t\t\t\t<div class=\"elementor-widget-container\">\n\t\t\t<style>\/*! elementor - v3.12.1 - 02-04-2023 *\/\n.elementor-heading-title{padding:0;margin:0;line-height:1}.elementor-widget-heading .elementor-heading-title[class*=elementor-size-]>a{color:inherit;font-size:inherit;line-height:inherit}.elementor-widget-heading .elementor-heading-title.elementor-size-small{font-size:15px}.elementor-widget-heading .elementor-heading-title.elementor-size-medium{font-size:19px}.elementor-widget-heading .elementor-heading-title.elementor-size-large{font-size:29px}.elementor-widget-heading .elementor-heading-title.elementor-size-xl{font-size:39px}.elementor-widget-heading .elementor-heading-title.elementor-size-xxl{font-size:59px}<\/style><h3 class=\"elementor-heading-title elementor-size-default\"><span>Controlla in tempo reale<\/span> le tue propriet\u00e0<\/h3>\t\t<\/div>\n\t\t\t\t<\/div>\n\t\t\t\t<div class=\"elementor-element elementor-element-1c0ae0f elementor-widget elementor-widget-text-editor\" data-id=\"1c0ae0f\" data-element_type=\"widget\" data-widget_type=\"text-editor.default\">\n\t\t\t\t<div class=\"elementor-widget-container\">\n\t\t\t\t\t\t\t<p>I sistemi di controllo da remoto dei roditori sono un&#8217;<b>innovazione tecnologica che sta rivoluzionando il campo della derattizzazione.<\/b><\/p><p>Grazie all&#8217;utilizzo di trappole intelligenti, \u00e8 possibile <b>monitorare le catture in tempo reale<\/b> tramite un sistema online di registrazione.<\/p><p>\u00a0Questo tipo di monitoraggio ha diversi vantaggi, tra cui la possibilit\u00e0 di effettuare <b>controlli 24\/7 <\/b>e di <b>agire immediatamente <\/b>in caso di cattura.<\/p>\t\t\t\t\t\t<\/div>\n\t\t\t\t<\/div>\n\t\t\t\t\t<\/div>\n\t\t<\/div>\n\t\t\t\t<div class=\"elementor-column elementor-col-50 elementor-top-column elementor-element elementor-element-02c1d83\" data-id=\"02c1d83\" data-element_type=\"column\">\n\t\t\t<div class=\"elementor-widget-wrap elementor-element-populated\">\n\t\t\t\t\t\t\t\t<div class=\"elementor-element elementor-element-a2156f7 elementor-widget elementor-widget-image\" data-id=\"a2156f7\" data-element_type=\"widget\" data-widget_type=\"image.default\">\n\t\t\t\t<div class=\"elementor-widget-container\">\n\t\t\t\t\t\t\t\t\t\t\t\t\t\t\t<img width=\"800\" height=\"534\" src=\"https:\/\/www.saitechsystem.it\/wp-content\/uploads\/2023\/03\/pest-control-worker-in-uniform-and-respirator-spraying-pesticides-on-street-with-sprayer-1024x684.jpg\" class=\"attachment-large size-large wp-image-345\" alt=\"pest control worker in uniform and respirator spraying pesticides on street with sprayer\" decoding=\"async\" loading=\"lazy\" srcset=\"https:\/\/www.saitechsystem.it\/wp-content\/uploads\/2023\/03\/pest-control-worker-in-uniform-and-respirator-spraying-pesticides-on-street-with-sprayer-1024x684.jpg 1024w, https:\/\/www.saitechsystem.it\/wp-content\/uploads\/2023\/03\/pest-control-worker-in-uniform-and-respirator-spraying-pesticides-on-street-with-sprayer-300x200.jpg 300w, https:\/\/www.saitechsystem.it\/wp-content\/uploads\/2023\/03\/pest-control-worker-in-uniform-and-respirator-spraying-pesticides-on-street-with-sprayer-768x513.jpg 768w, https:\/\/www.saitechsystem.it\/wp-content\/uploads\/2023\/03\/pest-control-worker-in-uniform-and-respirator-spraying-pesticides-on-street-with-sprayer-1536x1025.jpg 1536w, https:\/\/www.saitechsystem.it\/wp-content\/uploads\/2023\/03\/pest-control-worker-in-uniform-and-respirator-spraying-pesticides-on-street-with-sprayer.jpg 2000w\" sizes=\"(max-width: 800px) 100vw, 800px\" \/>\t\t\t\t\t\t\t\t\t\t\t\t\t\t\t<\/div>\n\t\t\t\t<\/div>\n\t\t\t\t\t<\/div>\n\t\t<\/div>\n\t\t\t\t\t\t\t<\/div>\n\t\t<\/section>\n\t\t\t\t<section class=\"elementor-section elementor-top-section elementor-element elementor-element-0e97233 elementor-section-boxed elementor-section-height-default elementor-section-height-default\" data-id=\"0e97233\" data-element_type=\"section\">\n\t\t\t\t\t\t<div class=\"elementor-container elementor-column-gap-default\">\n\t\t\t\t\t<div class=\"elementor-column elementor-col-50 elementor-top-column elementor-element elementor-element-69e6953\" data-id=\"69e6953\" data-element_type=\"column\">\n\t\t\t<div class=\"elementor-widget-wrap elementor-element-populated\">\n\t\t\t\t\t\t\t\t<div class=\"elementor-element elementor-element-fbfd1bf elementor-widget elementor-widget-image\" data-id=\"fbfd1bf\" data-element_type=\"widget\" data-widget_type=\"image.default\">\n\t\t\t\t<div class=\"elementor-widget-container\">\n\t\t\t\t\t\t\t\t\t\t\t\t\t\t\t<img width=\"800\" height=\"450\" src=\"https:\/\/www.saitechsystem.it\/wp-content\/uploads\/2023\/03\/ekomille-rc-hero-2021-4_en-1024x576.jpg\" class=\"attachment-large size-large wp-image-458\" alt=\"\" decoding=\"async\" loading=\"lazy\" srcset=\"https:\/\/www.saitechsystem.it\/wp-content\/uploads\/2023\/03\/ekomille-rc-hero-2021-4_en-1024x576.jpg 1024w, https:\/\/www.saitechsystem.it\/wp-content\/uploads\/2023\/03\/ekomille-rc-hero-2021-4_en-300x169.jpg 300w, https:\/\/www.saitechsystem.it\/wp-content\/uploads\/2023\/03\/ekomille-rc-hero-2021-4_en-768x432.jpg 768w, https:\/\/www.saitechsystem.it\/wp-content\/uploads\/2023\/03\/ekomille-rc-hero-2021-4_en-1536x864.jpg 1536w, https:\/\/www.saitechsystem.it\/wp-content\/uploads\/2023\/03\/ekomille-rc-hero-2021-4_en.jpg 1920w\" sizes=\"(max-width: 800px) 100vw, 800px\" \/>\t\t\t\t\t\t\t\t\t\t\t\t\t\t\t<\/div>\n\t\t\t\t<\/div>\n\t\t\t\t\t<\/div>\n\t\t<\/div>\n\t\t\t\t<div class=\"elementor-column elementor-col-50 elementor-top-column elementor-element elementor-element-d15dc5d\" data-id=\"d15dc5d\" data-element_type=\"column\">\n\t\t\t<div class=\"elementor-widget-wrap elementor-element-populated\">\n\t\t\t\t\t\t\t\t<div class=\"elementor-element elementor-element-98d4008 elementor-widget elementor-widget-heading\" data-id=\"98d4008\" data-element_type=\"widget\" data-widget_type=\"heading.default\">\n\t\t\t\t<div class=\"elementor-widget-container\">\n\t\t\t<h3 class=\"elementor-heading-title elementor-size-default\">Controllo tramite<span> APP<\/span><\/h3>\t\t<\/div>\n\t\t\t\t<\/div>\n\t\t\t\t<div class=\"elementor-element elementor-element-6e25724 elementor-widget elementor-widget-text-editor\" data-id=\"6e25724\" data-element_type=\"widget\" data-widget_type=\"text-editor.default\">\n\t\t\t\t<div class=\"elementor-widget-container\">\n\t\t\t\t\t\t\t<p>Inoltre, l&#8217;utilizzo di queste trappole a monitoraggio remoto permette di effettuare ispezioni pi\u00f9 veloci ed efficienti,<b> riducendo notevolmente il tempo e la manodopera degli operatori sul campo<\/b>.<\/p><p>Le trappole sono disponibili sia per topi che per ratti e sono dotate di <b>sensori all&#8217;avanguardia<\/b> che permettono di catturare i roditori in maniera intelligente.<\/p><p><span style=\"color: var( --e-global-color-text ); font-family: var( --e-global-typography-text-font-family ), Sans-serif; font-size: var( --e-global-typography-text-font-size ); font-weight: var( --e-global-typography-text-font-weight );\">Riusciamo a garantire questo servizio mediante speciali apparecchiature elettromeccaniche (EKOMILLE ed EKOLOGIC), che grazie alle loro caratteristiche costruttive, assicurano igiene, sicurezza ed eco-compatibilit\u00e0. Inoltre sono <\/span><span style=\"color: var( --e-global-color-text ); font-family: var( --e-global-typography-text-font-family ), Sans-serif; font-size: var( --e-global-typography-text-font-size );\"><b>completamente gestibili da remoto<\/b><\/span><span style=\"color: var( --e-global-color-text ); font-family: var( --e-global-typography-text-font-family ), Sans-serif; font-size: var( --e-global-typography-text-font-size ); font-weight: var( --e-global-typography-text-font-weight );\">.<\/span><\/p><p>\u00a0<\/p>\t\t\t\t\t\t<\/div>\n\t\t\t\t<\/div>\n\t\t\t\t\t<\/div>\n\t\t<\/div>\n\t\t\t\t\t\t\t<\/div>\n\t\t<\/section>\n\t\t\t\t\t\t\t<\/div>\n\t\t","protected":false},"excerpt":{"rendered":"<p>SERVIZI Operiamo mediante speciali apparecchiature elettromeccaniche (EKOMILLE ed EKOLOGIC), che grazie alle loro caratteristiche costruttive, assicurano igiene, sicurezza ed eco-compatibilit\u00e0. Inoltre \u00e8 completamente gestibile e controllabile da remoto. Controlla in tempo reale le tue propriet\u00e0 I sistemi di controllo da remoto dei roditori sono un&#8217;innovazione tecnologica che sta rivoluzionando il campo della derattizzazione. Grazie all&#8217;utilizzo [&hellip;]<\/p>\n","protected":false},"author":1,"featured_media":0,"parent":334,"menu_order":0,"comment_status":"closed","ping_status":"closed","template":"elementor_header_footer","meta":[],"acf":[],"_links":{"self":[{"href":"https:\/\/www.saitechsystem.it\/index.php\/wp-json\/wp\/v2\/pages\/455"}],"collection":[{"href":"https:\/\/www.saitechsystem.it\/index.php\/wp-json\/wp\/v2\/pages"}],"about":[{"href":"https:\/\/www.saitechsystem.it\/index.php\/wp-json\/wp\/v2\/types\/page"}],"author":[{"embeddable":true,"href":"https:\/\/www.saitechsystem.it\/index.php\/wp-json\/wp\/v2\/users\/1"}],"replies":[{"embeddable":true,"href":"https:\/\/www.saitechsystem.it\/index.php\/wp-json\/wp\/v2\/comments?post=455"}],"version-history":[{"count":10,"href":"https:\/\/www.saitechsystem.it\/index.php\/wp-json\/wp\/v2\/pages\/455\/revisions"}],"predecessor-version":[{"id":921,"href":"https:\/\/www.saitechsystem.it\/index.php\/wp-json\/wp\/v2\/pages\/455\/revisions\/921"}],"up":[{"embeddable":true,"href":"https:\/\/www.saitechsystem.it\/index.php\/wp-json\/wp\/v2\/pages\/334"}],"wp:attachment":[{"href":"https:\/\/www.saitechsystem.it\/index.php\/wp-json\/wp\/v2\/media?parent=455"}],"curies":[{"name":"wp","href":"https:\/\/api.w.org\/{rel}","templated":true}]}}